{"id":99,"date":"2024-08-01T21:47:44","date_gmt":"2024-08-01T21:47:44","guid":{"rendered":"https:\/\/akunconstructora.com\/?page_id=99"},"modified":"2024-08-06T17:04:07","modified_gmt":"2024-08-06T17:04:07","slug":"elementor-99","status":"publish","type":"page","link":"https:\/\/akunconstructora.com\/","title":{"rendered":"home test"},"content":{"rendered":"\t\t<div data-elementor-type=\"wp-page\" data-elementor-id=\"99\" class=\"elementor elementor-99\" data-elementor-post-type=\"page\">\n\t\t\t\t<div class=\"elementor-element elementor-element-2ab03b97 e-con-full e-flex e-con e-parent\" data-id=\"2ab03b97\" data-element_type=\"container\" data-settings=\"{&quot;background_background&quot;:&quot;classic&quot;}\">\n\t\t\t\t<\/div>\n\t\t<div class=\"elementor-element elementor-element-65e8c856 e-flex e-con-boxed e-con e-parent\" data-id=\"65e8c856\" data-element_type=\"container\">\n\t\t\t\t\t<div class=\"e-con-inner\">\n\t\t<div class=\"elementor-element elementor-element-40a8d23c e-con-full e-flex e-con e-child\" data-id=\"40a8d23c\" data-element_type=\"container\">\n\t\t\t\t<div class=\"elementor-element elementor-element-6e8c1cf3 elementor-hidden-mobile elementor-widget elementor-widget-image\" data-id=\"6e8c1cf3\" data-element_type=\"widget\" data-widget_type=\"image.default\">\n\t\t\t\t<div class=\"elementor-widget-container\">\n\t\t\t\t\t\t\t\t\t\t\t\t\t<img fetchpriority=\"high\" decoding=\"async\" width=\"800\" height=\"549\" src=\"https:\/\/akunconstructora.com\/wp-content\/uploads\/2024\/07\/AKUN-Identity-arrastrado-1024x703.png\" class=\"attachment-large size-large wp-image-40\" alt=\"\" srcset=\"https:\/\/akunconstructora.com\/wp-content\/uploads\/2024\/07\/AKUN-Identity-arrastrado-1024x703.png 1024w, https:\/\/akunconstructora.com\/wp-content\/uploads\/2024\/07\/AKUN-Identity-arrastrado-300x206.png 300w, https:\/\/akunconstructora.com\/wp-content\/uploads\/2024\/07\/AKUN-Identity-arrastrado-768x527.png 768w, https:\/\/akunconstructora.com\/wp-content\/uploads\/2024\/07\/AKUN-Identity-arrastrado.png 1374w\" sizes=\"(max-width: 800px) 100vw, 800px\" \/>\t\t\t\t\t\t\t\t\t\t\t\t\t<\/div>\n\t\t\t\t<\/div>\n\t\t\t\t<\/div>\n\t\t<div class=\"elementor-element elementor-element-507814fb e-con-full e-flex e-con e-child\" data-id=\"507814fb\" data-element_type=\"container\">\n\t\t\t\t<div class=\"elementor-element elementor-element-ae28b29 elementor-widget elementor-widget-heading\" data-id=\"ae28b29\" data-element_type=\"widget\" data-widget_type=\"heading.default\">\n\t\t\t\t<div class=\"elementor-widget-container\">\n\t\t\t<h3 class=\"elementor-heading-title elementor-size-default\">Sobre Nosotros <\/h3>\t\t<\/div>\n\t\t\t\t<\/div>\n\t\t\t\t<div class=\"elementor-element elementor-element-77df3d7 elementor-widget elementor-widget-menu-anchor\" data-id=\"77df3d7\" data-element_type=\"widget\" data-widget_type=\"menu-anchor.default\">\n\t\t\t\t<div class=\"elementor-widget-container\">\n\t\t\t\t\t<div class=\"elementor-menu-anchor\" id=\"sobrenosotros\"><\/div>\n\t\t\t\t<\/div>\n\t\t\t\t<\/div>\n\t\t\t\t<div class=\"elementor-element elementor-element-f00ee15 elementor-widget elementor-widget-text-editor\" data-id=\"f00ee15\" data-element_type=\"widget\" data-widget_type=\"text-editor.default\">\n\t\t\t\t<div class=\"elementor-widget-container\">\n\t\t\t\t\t\t\t<p>Akun Constructora se fund\u00f3 en Canc\u00fan, Municipio de Benito Ju\u00e1rez, Estado de Quintana Roo.<\/p><p>El crecimiento constante y el \u00e9xito de estas entidades familiares llevaron a la creaci\u00f3n de Akun Constructora, cuyo objetivo es posicionarse como una de las principales firmas en el sector de la construcci\u00f3n tanto p\u00fablica como privada en el Estado de Quintana Roo y en la Pen\u00ednsula de Yucat\u00e1n. Desde sus inicios, Akun Constructora ha estado enfocada en ofrecer soluciones innovadoras y de alta calidad, consolid\u00e1ndose como un pilar fundamental en la transformaci\u00f3n y desarrollo de la regi\u00f3n.<\/p>\t\t\t\t\t\t<\/div>\n\t\t\t\t<\/div>\n\t\t\t\t<\/div>\n\t\t\t\t\t<\/div>\n\t\t\t\t<\/div>\n\t\t<div class=\"elementor-element elementor-element-c59de75 e-con-full elementor-hidden-desktop elementor-hidden-tablet e-flex e-con e-parent\" data-id=\"c59de75\" data-element_type=\"container\" data-settings=\"{&quot;background_background&quot;:&quot;classic&quot;}\">\n\t\t\t\t<\/div>\n\t\t<div class=\"elementor-element elementor-element-7f693809 e-flex e-con-boxed e-con e-parent\" data-id=\"7f693809\" data-element_type=\"container\" data-settings=\"{&quot;background_background&quot;:&quot;classic&quot;}\">\n\t\t\t\t\t<div class=\"e-con-inner\">\n\t\t<div class=\"elementor-element elementor-element-648ca3c2 e-con-full e-flex e-con e-child\" data-id=\"648ca3c2\" data-element_type=\"container\" data-settings=\"{&quot;background_background&quot;:&quot;classic&quot;}\">\n\t\t\t\t<div class=\"elementor-element elementor-element-25fa300 elementor-widget__width-inherit elementor-widget elementor-widget-heading\" data-id=\"25fa300\" data-element_type=\"widget\" data-widget_type=\"heading.default\">\n\t\t\t\t<div class=\"elementor-widget-container\">\n\t\t\t<h2 class=\"elementor-heading-title elementor-size-default\">NUESTRA OFERTA DE SERVICIOS<\/h2>\t\t<\/div>\n\t\t\t\t<\/div>\n\t\t\t\t<div class=\"elementor-element elementor-element-6b3c1a0 elementor-widget elementor-widget-menu-anchor\" data-id=\"6b3c1a0\" data-element_type=\"widget\" data-widget_type=\"menu-anchor.default\">\n\t\t\t\t<div class=\"elementor-widget-container\">\n\t\t\t\t\t<div class=\"elementor-menu-anchor\" id=\"servicios\"><\/div>\n\t\t\t\t<\/div>\n\t\t\t\t<\/div>\n\t\t<div class=\"elementor-element elementor-element-df9a804 e-con-full e-flex e-con e-child\" data-id=\"df9a804\" data-element_type=\"container\" data-settings=\"{&quot;background_background&quot;:&quot;classic&quot;}\">\n\t\t<div class=\"elementor-element elementor-element-ff27933 e-con-full e-flex e-con e-child\" data-id=\"ff27933\" data-element_type=\"container\">\n\t\t\t\t<div class=\"elementor-element elementor-element-0fcfec5 elementor-widget__width-initial elementor-position-top elementor-invisible elementor-widget elementor-widget-image-box\" data-id=\"0fcfec5\" data-element_type=\"widget\" data-settings=\"{&quot;motion_fx_motion_fx_scrolling&quot;:&quot;yes&quot;,&quot;motion_fx_motion_fx_mouse&quot;:&quot;yes&quot;,&quot;_animation&quot;:&quot;zoomIn&quot;,&quot;motion_fx_devices&quot;:[&quot;desktop&quot;,&quot;tablet&quot;,&quot;mobile&quot;]}\" data-widget_type=\"image-box.default\">\n\t\t\t\t<div class=\"elementor-widget-container\">\n\t\t\t<div class=\"elementor-image-box-wrapper\"><figure class=\"elementor-image-box-img\"><img decoding=\"async\" src=\"https:\/\/akunconstructora.com\/wp-content\/uploads\/2024\/08\/Screenshot-2024-08-01-at-4.42.47-p.m-e1722958586231.png\" title=\"Screenshot 2024-08-01 at 4.42.47 p.m.\" alt=\"Screenshot 2024-08-01 at 4.42.47 p.m.\" loading=\"lazy\" \/><\/figure><div class=\"elementor-image-box-content\"><h3 class=\"elementor-image-box-title\">Obras de edificaci\u00f3n <BR> y desarrollo de proyectos<\/h3><\/div><\/div>\t\t<\/div>\n\t\t\t\t<\/div>\n\t\t\t\t<\/div>\n\t\t<div class=\"elementor-element elementor-element-cc28107 e-con-full e-flex e-con e-child\" data-id=\"cc28107\" data-element_type=\"container\">\n\t\t\t\t<div class=\"elementor-element elementor-element-d790de2 elementor-widget__width-initial elementor-position-top elementor-invisible elementor-widget elementor-widget-image-box\" data-id=\"d790de2\" data-element_type=\"widget\" data-settings=\"{&quot;motion_fx_motion_fx_scrolling&quot;:&quot;yes&quot;,&quot;motion_fx_motion_fx_mouse&quot;:&quot;yes&quot;,&quot;_animation&quot;:&quot;zoomIn&quot;,&quot;motion_fx_devices&quot;:[&quot;desktop&quot;,&quot;tablet&quot;,&quot;mobile&quot;]}\" data-widget_type=\"image-box.default\">\n\t\t\t\t<div class=\"elementor-widget-container\">\n\t\t\t<div class=\"elementor-image-box-wrapper\"><figure class=\"elementor-image-box-img\"><img decoding=\"async\" width=\"540\" height=\"376\" src=\"https:\/\/akunconstructora.com\/wp-content\/uploads\/2024\/08\/Screenshot-2024-08-01-at-4.42.54-p.m.png\" class=\"attachment-full size-full wp-image-103\" alt=\"\" srcset=\"https:\/\/akunconstructora.com\/wp-content\/uploads\/2024\/08\/Screenshot-2024-08-01-at-4.42.54-p.m.png 540w, https:\/\/akunconstructora.com\/wp-content\/uploads\/2024\/08\/Screenshot-2024-08-01-at-4.42.54-p.m-300x209.png 300w\" sizes=\"(max-width: 540px) 100vw, 540px\" \/><\/figure><div class=\"elementor-image-box-content\"><h3 class=\"elementor-image-box-title\">Obras de urbanizaci\u00f3n  <BR>y pavimentaci\u00f3n <\/h3><\/div><\/div>\t\t<\/div>\n\t\t\t\t<\/div>\n\t\t\t\t<\/div>\n\t\t<div class=\"elementor-element elementor-element-6b3262e e-con-full e-flex e-con e-child\" data-id=\"6b3262e\" data-element_type=\"container\">\n\t\t\t\t<div class=\"elementor-element elementor-element-d00becd elementor-widget__width-initial elementor-position-top elementor-invisible elementor-widget elementor-widget-image-box\" data-id=\"d00becd\" data-element_type=\"widget\" data-settings=\"{&quot;motion_fx_motion_fx_scrolling&quot;:&quot;yes&quot;,&quot;motion_fx_motion_fx_mouse&quot;:&quot;yes&quot;,&quot;_animation&quot;:&quot;zoomIn&quot;,&quot;motion_fx_devices&quot;:[&quot;desktop&quot;,&quot;tablet&quot;,&quot;mobile&quot;]}\" data-widget_type=\"image-box.default\">\n\t\t\t\t<div class=\"elementor-widget-container\">\n\t\t\t<div class=\"elementor-image-box-wrapper\"><figure class=\"elementor-image-box-img\"><img decoding=\"async\" width=\"486\" height=\"318\" src=\"https:\/\/akunconstructora.com\/wp-content\/uploads\/2024\/08\/Screenshot-2024-08-01-at-4.43.00-p.m.png\" class=\"attachment-full size-full wp-image-104\" alt=\"\" srcset=\"https:\/\/akunconstructora.com\/wp-content\/uploads\/2024\/08\/Screenshot-2024-08-01-at-4.43.00-p.m.png 486w, https:\/\/akunconstructora.com\/wp-content\/uploads\/2024\/08\/Screenshot-2024-08-01-at-4.43.00-p.m-300x196.png 300w\" sizes=\"(max-width: 486px) 100vw, 486px\" \/><\/figure><div class=\"elementor-image-box-content\"><h3 class=\"elementor-image-box-title\">Alquiler de maquinaria  <BR>de construcci\u00f3n <\/h3><\/div><\/div>\t\t<\/div>\n\t\t\t\t<\/div>\n\t\t\t\t<\/div>\n\t\t\t\t<\/div>\n\t\t<div class=\"elementor-element elementor-element-3074cc6 e-con-full e-flex e-con e-child\" data-id=\"3074cc6\" data-element_type=\"container\" data-settings=\"{&quot;background_background&quot;:&quot;classic&quot;}\">\n\t\t<div class=\"elementor-element elementor-element-ec19cf8 e-con-full e-flex e-con e-child\" data-id=\"ec19cf8\" data-element_type=\"container\">\n\t\t\t\t<div class=\"elementor-element elementor-element-65fceb7 elementor-widget__width-initial elementor-position-top elementor-invisible elementor-widget elementor-widget-image-box\" data-id=\"65fceb7\" data-element_type=\"widget\" data-settings=\"{&quot;motion_fx_motion_fx_scrolling&quot;:&quot;yes&quot;,&quot;motion_fx_motion_fx_mouse&quot;:&quot;yes&quot;,&quot;_animation&quot;:&quot;zoomIn&quot;,&quot;motion_fx_devices&quot;:[&quot;desktop&quot;,&quot;tablet&quot;,&quot;mobile&quot;]}\" data-widget_type=\"image-box.default\">\n\t\t\t\t<div class=\"elementor-widget-container\">\n\t\t\t<div class=\"elementor-image-box-wrapper\"><figure class=\"elementor-image-box-img\"><img decoding=\"async\" src=\"https:\/\/akunconstructora.com\/wp-content\/uploads\/2024\/08\/Screenshot-2024-08-01-at-4.43.11-p.m.png\" title=\"Screenshot 2024-08-01 at 4.43.11 p.m.\" alt=\"Screenshot 2024-08-01 at 4.43.11 p.m.\" loading=\"lazy\" \/><\/figure><div class=\"elementor-image-box-content\"><h3 class=\"elementor-image-box-title\">Albali\u00f1erias, acabados, <BR> instalaciones y construcci\u00f3n <BR> llave en manos<\/h3><\/div><\/div>\t\t<\/div>\n\t\t\t\t<\/div>\n\t\t\t\t<\/div>\n\t\t<div class=\"elementor-element elementor-element-dd8ef0a e-con-full e-flex e-con e-child\" data-id=\"dd8ef0a\" data-element_type=\"container\">\n\t\t\t\t<div class=\"elementor-element elementor-element-fc517a8 elementor-widget__width-initial elementor-position-top elementor-invisible elementor-widget elementor-widget-image-box\" data-id=\"fc517a8\" data-element_type=\"widget\" data-settings=\"{&quot;motion_fx_motion_fx_scrolling&quot;:&quot;yes&quot;,&quot;motion_fx_motion_fx_mouse&quot;:&quot;yes&quot;,&quot;_animation&quot;:&quot;zoomIn&quot;,&quot;motion_fx_devices&quot;:[&quot;desktop&quot;,&quot;tablet&quot;,&quot;mobile&quot;]}\" data-widget_type=\"image-box.default\">\n\t\t\t\t<div class=\"elementor-widget-container\">\n\t\t\t<div class=\"elementor-image-box-wrapper\"><figure class=\"elementor-image-box-img\"><img loading=\"lazy\" decoding=\"async\" width=\"572\" height=\"358\" src=\"https:\/\/akunconstructora.com\/wp-content\/uploads\/2024\/08\/Screenshot-2024-08-01-at-4.43.16-p.m.png\" class=\"attachment-full size-full wp-image-107\" alt=\"\" srcset=\"https:\/\/akunconstructora.com\/wp-content\/uploads\/2024\/08\/Screenshot-2024-08-01-at-4.43.16-p.m.png 572w, https:\/\/akunconstructora.com\/wp-content\/uploads\/2024\/08\/Screenshot-2024-08-01-at-4.43.16-p.m-300x188.png 300w\" sizes=\"(max-width: 572px) 100vw, 572px\" \/><\/figure><div class=\"elementor-image-box-content\"><h3 class=\"elementor-image-box-title\">Excavaci\u00f3n, cimentaci\u00f3n, <BR>construcci\u00f3n de infraestructura y estructuras met\u00e1licas<\/h3><\/div><\/div>\t\t<\/div>\n\t\t\t\t<\/div>\n\t\t\t\t<\/div>\n\t\t<div class=\"elementor-element elementor-element-092fa45 e-con-full e-flex e-con e-child\" data-id=\"092fa45\" data-element_type=\"container\">\n\t\t\t\t<div class=\"elementor-element elementor-element-ebe9ca3 elementor-widget__width-initial elementor-position-top elementor-invisible elementor-widget elementor-widget-image-box\" data-id=\"ebe9ca3\" data-element_type=\"widget\" data-settings=\"{&quot;motion_fx_motion_fx_scrolling&quot;:&quot;yes&quot;,&quot;motion_fx_motion_fx_mouse&quot;:&quot;yes&quot;,&quot;_animation&quot;:&quot;zoomIn&quot;,&quot;motion_fx_devices&quot;:[&quot;desktop&quot;,&quot;tablet&quot;,&quot;mobile&quot;]}\" data-widget_type=\"image-box.default\">\n\t\t\t\t<div class=\"elementor-widget-container\">\n\t\t\t<div class=\"elementor-image-box-wrapper\"><figure class=\"elementor-image-box-img\"><img loading=\"lazy\" decoding=\"async\" width=\"550\" height=\"388\" src=\"https:\/\/akunconstructora.com\/wp-content\/uploads\/2024\/08\/Screenshot-2024-08-01-at-4.43.06-p.m.png\" class=\"attachment-full size-full wp-image-105\" alt=\"\" srcset=\"https:\/\/akunconstructora.com\/wp-content\/uploads\/2024\/08\/Screenshot-2024-08-01-at-4.43.06-p.m.png 550w, https:\/\/akunconstructora.com\/wp-content\/uploads\/2024\/08\/Screenshot-2024-08-01-at-4.43.06-p.m-300x212.png 300w\" sizes=\"(max-width: 550px) 100vw, 550px\" \/><\/figure><div class=\"elementor-image-box-content\"><h3 class=\"elementor-image-box-title\">Movimiento de tierras, <BR> terracerias, plataformas <BR> y excavaciones<\/h3><\/div><\/div>\t\t<\/div>\n\t\t\t\t<\/div>\n\t\t\t\t<\/div>\n\t\t\t\t<\/div>\n\t\t\t\t<\/div>\n\t\t\t\t\t<\/div>\n\t\t\t\t<\/div>\n\t\t<div class=\"elementor-element elementor-element-5b3d1541 e-con-full e-flex e-con e-parent\" data-id=\"5b3d1541\" data-element_type=\"container\" data-settings=\"{&quot;background_background&quot;:&quot;classic&quot;}\">\n\t\t<div class=\"elementor-element elementor-element-308e718 e-con-full e-flex e-con e-child\" data-id=\"308e718\" data-element_type=\"container\">\n\t\t\t\t<div class=\"elementor-element elementor-element-4181c8da elementor-widget__width-inherit elementor-widget elementor-widget-heading\" data-id=\"4181c8da\" data-element_type=\"widget\" data-widget_type=\"heading.default\">\n\t\t\t\t<div class=\"elementor-widget-container\">\n\t\t\t<h3 class=\"elementor-heading-title elementor-size-default\">Administraci\u00f3n <br> profesional de Proyectos<\/h3>\t\t<\/div>\n\t\t\t\t<\/div>\n\t\t\t\t<div class=\"elementor-element elementor-element-29247e9a elementor-widget elementor-widget-text-editor\" data-id=\"29247e9a\" data-element_type=\"widget\" data-widget_type=\"text-editor.default\">\n\t\t\t\t<div class=\"elementor-widget-container\">\n\t\t\t\t\t\t\t<p><strong>Akun Constructora<\/strong> se dedica a la Direcci\u00f3n de Proyectos de Construcci\u00f3n, brindando a nuestros clientes la confianza para que depositen en nosotros la planificaci\u00f3n, gesti\u00f3n y ejecuci\u00f3n exitosa de sus proyectos y desarrollos inmobiliarios. Nuestro enfoque integral asegura que cada etapa del proceso de construcci\u00f3n se maneje con precisi\u00f3n y eficacia.<\/p><p>En nuestra trayectoria, hemos ganado una reputaci\u00f3n destacada en el estado por nuestra responsabilidad, integridad y fiabilidad. Trabajamos en colaboraci\u00f3n con organismos y entidades p\u00fablicas, as\u00ed como con escuelas, universidades, empresas constructoras, y desarrolladores tanto inmobiliarios como tur\u00edsticos.<\/p>\t\t\t\t\t\t<\/div>\n\t\t\t\t<\/div>\n\t\t\t\t<\/div>\n\t\t<div class=\"elementor-element elementor-element-301a9e83 e-con-full e-flex e-con e-child\" data-id=\"301a9e83\" data-element_type=\"container\">\n\t\t\t\t<div class=\"elementor-element elementor-element-48ece876 elementor-cta--layout-image-left elementor-cta--mobile-layout-image-above elementor-cta--valign-middle elementor-cta--skin-classic elementor-animated-content elementor-bg-transform elementor-bg-transform-zoom-in elementor-widget elementor-widget-call-to-action\" data-id=\"48ece876\" data-element_type=\"widget\" data-widget_type=\"call-to-action.default\">\n\t\t\t\t<div class=\"elementor-widget-container\">\n\t\t\t\t\t<div class=\"elementor-cta\">\n\t\t\t\t\t<div class=\"elementor-cta__bg-wrapper\">\n\t\t\t\t<div class=\"elementor-cta__bg elementor-bg\" style=\"background-image: url(https:\/\/akunconstructora.com\/wp-content\/uploads\/2024\/08\/Screenshot-2024-08-02-at-12.29.26-p.m.png);\" role=\"img\" aria-label=\"Screenshot 2024-08-02 at 12.29.26 p.m.\"><\/div>\n\t\t\t\t<div class=\"elementor-cta__bg-overlay\"><\/div>\n\t\t\t<\/div>\n\t\t\t\t\t\t\t\t<\/div>\n\t\t\t\t<\/div>\n\t\t\t\t<\/div>\n\t\t\t\t<\/div>\n\t\t\t\t<\/div>\n\t\t<div class=\"elementor-element elementor-element-5d4beef e-con-full elementor-hidden-mobile e-flex e-con e-parent\" data-id=\"5d4beef\" data-element_type=\"container\" data-settings=\"{&quot;background_background&quot;:&quot;classic&quot;}\">\n\t\t\t\t<\/div>\n\t\t<div class=\"elementor-element elementor-element-3ba1e07a e-flex e-con-boxed e-con e-parent\" data-id=\"3ba1e07a\" data-element_type=\"container\" data-settings=\"{&quot;background_background&quot;:&quot;classic&quot;}\">\n\t\t\t\t\t<div class=\"e-con-inner\">\n\t\t\t\t<div class=\"elementor-element elementor-element-73e8fb29 elementor-widget elementor-widget-menu-anchor\" data-id=\"73e8fb29\" data-element_type=\"widget\" data-widget_type=\"menu-anchor.default\">\n\t\t\t\t<div class=\"elementor-widget-container\">\n\t\t\t\t\t<div class=\"elementor-menu-anchor\" id=\"contactanos\"><\/div>\n\t\t\t\t<\/div>\n\t\t\t\t<\/div>\n\t\t\t\t<div class=\"elementor-element elementor-element-79553d27 elementor-widget__width-inherit elementor-widget elementor-widget-heading\" data-id=\"79553d27\" data-element_type=\"widget\" data-widget_type=\"heading.default\">\n\t\t\t\t<div class=\"elementor-widget-container\">\n\t\t\t<h1 class=\"elementor-heading-title elementor-size-default\">Cont\u00e1ctanos<\/h1>\t\t<\/div>\n\t\t\t\t<\/div>\n\t\t\t\t<div class=\"elementor-element elementor-element-5ddab60e elementor-button-align-center elementor-widget elementor-widget-form\" data-id=\"5ddab60e\" data-element_type=\"widget\" data-settings=\"{&quot;step_next_label&quot;:&quot;Next&quot;,&quot;step_previous_label&quot;:&quot;Previous&quot;,&quot;button_width&quot;:&quot;100&quot;,&quot;step_type&quot;:&quot;number_text&quot;,&quot;step_icon_shape&quot;:&quot;circle&quot;}\" data-widget_type=\"form.default\">\n\t\t\t\t<div class=\"elementor-widget-container\">\n\t\t\t\t\t<form class=\"elementor-form\" method=\"post\" name=\"Contact Form\">\n\t\t\t<input type=\"hidden\" name=\"post_id\" value=\"99\"\/>\n\t\t\t<input type=\"hidden\" name=\"form_id\" value=\"5ddab60e\"\/>\n\t\t\t<input type=\"hidden\" name=\"referer_title\" value=\"\" \/>\n\n\t\t\t\t\t\t\t<input type=\"hidden\" name=\"queried_id\" value=\"99\"\/>\n\t\t\t\n\t\t\t<div class=\"elementor-form-fields-wrapper elementor-labels-\">\n\t\t\t\t\t\t\t\t<div class=\"elementor-field-type-text elementor-field-group elementor-column elementor-field-group-name elementor-col-50\">\n\t\t\t\t\t\t\t\t\t\t\t\t<label for=\"form-field-name\" class=\"elementor-field-label elementor-screen-only\">\n\t\t\t\t\t\t\t\tNombre\t\t\t\t\t\t\t<\/label>\n\t\t\t\t\t\t\t\t\t\t\t\t\t\t<input size=\"1\" type=\"text\" name=\"form_fields[name]\" id=\"form-field-name\" class=\"elementor-field elementor-size-sm  elementor-field-textual\" placeholder=\"Nombre\">\n\t\t\t\t\t\t\t\t\t\t\t<\/div>\n\t\t\t\t\t\t\t\t<div class=\"elementor-field-type-email elementor-field-group elementor-column elementor-field-group-email elementor-col-50 elementor-field-required\">\n\t\t\t\t\t\t\t\t\t\t\t\t<label for=\"form-field-email\" class=\"elementor-field-label elementor-screen-only\">\n\t\t\t\t\t\t\t\tEmail\t\t\t\t\t\t\t<\/label>\n\t\t\t\t\t\t\t\t\t\t\t\t\t\t<input size=\"1\" type=\"email\" name=\"form_fields[email]\" id=\"form-field-email\" class=\"elementor-field elementor-size-sm  elementor-field-textual\" placeholder=\"Email\" required=\"required\" aria-required=\"true\">\n\t\t\t\t\t\t\t\t\t\t\t<\/div>\n\t\t\t\t\t\t\t\t<div class=\"elementor-field-type-tel elementor-field-group elementor-column elementor-field-group-field_6c180a9 elementor-col-50 elementor-field-required\">\n\t\t\t\t\t\t\t\t\t\t\t\t<label for=\"form-field-field_6c180a9\" class=\"elementor-field-label elementor-screen-only\">\n\t\t\t\t\t\t\t\tNumero Telefonico\t\t\t\t\t\t\t<\/label>\n\t\t\t\t\t\t\t\t<input size=\"1\" type=\"tel\" name=\"form_fields[field_6c180a9]\" id=\"form-field-field_6c180a9\" class=\"elementor-field elementor-size-sm  elementor-field-textual\" placeholder=\"Numero Telefonico\" required=\"required\" aria-required=\"true\" pattern=\"[0-9()#&amp;+*-=.]+\" title=\"Only numbers and phone characters (#, -, *, etc) are accepted.\">\n\n\t\t\t\t\t\t<\/div>\n\t\t\t\t\t\t\t\t<div class=\"elementor-field-type-text elementor-field-group elementor-column elementor-field-group-field_b743cd7 elementor-col-50 elementor-field-required\">\n\t\t\t\t\t\t\t\t\t\t\t\t<label for=\"form-field-field_b743cd7\" class=\"elementor-field-label elementor-screen-only\">\n\t\t\t\t\t\t\t\tAsunto\t\t\t\t\t\t\t<\/label>\n\t\t\t\t\t\t\t\t\t\t\t\t\t\t<input size=\"1\" type=\"text\" name=\"form_fields[field_b743cd7]\" id=\"form-field-field_b743cd7\" class=\"elementor-field elementor-size-sm  elementor-field-textual\" placeholder=\"Asunto\" required=\"required\" aria-required=\"true\">\n\t\t\t\t\t\t\t\t\t\t\t<\/div>\n\t\t\t\t\t\t\t\t<div class=\"elementor-field-type-textarea elementor-field-group elementor-column elementor-field-group-message elementor-col-100\">\n\t\t\t\t\t\t\t\t\t\t\t\t<label for=\"form-field-message\" class=\"elementor-field-label elementor-screen-only\">\n\t\t\t\t\t\t\t\tMensaje\t\t\t\t\t\t\t<\/label>\n\t\t\t\t\t\t<textarea class=\"elementor-field-textual elementor-field  elementor-size-sm\" name=\"form_fields[message]\" id=\"form-field-message\" rows=\"4\" placeholder=\"Mensaje\"><\/textarea>\t\t\t\t<\/div>\n\t\t\t\t\t\t\t\t<div class=\"elementor-field-type-recaptcha_v3 elementor-field-group elementor-column elementor-field-group-field_2193163 elementor-col-100 recaptcha_v3-bottomleft\">\n\t\t\t\t\t<div class=\"elementor-field\" id=\"form-field-field_2193163\"><div class=\"elementor-g-recaptcha\" data-sitekey=\"6Lf1JSAqAAAAAGaxzKnIb9a_TmDSf64yolaeUvGl\" data-type=\"v3\" data-action=\"Form\" data-badge=\"bottomleft\" data-size=\"invisible\"><\/div><\/div>\t\t\t\t<\/div>\n\t\t\t\t\t\t\t\t<div class=\"elementor-field-group elementor-column elementor-field-type-submit elementor-col-100 e-form__buttons\">\n\t\t\t\t\t<button class=\"elementor-button elementor-size-sm\" type=\"submit\">\n\t\t\t\t\t\t<span class=\"elementor-button-content-wrapper\">\n\t\t\t\t\t\t\t\t\t\t\t\t\t\t\t\t\t\t\t\t\t\t<span class=\"elementor-button-text\">ENVIAR<\/span>\n\t\t\t\t\t\t\t\t\t\t\t\t\t<\/span>\n\t\t\t\t\t<\/button>\n\t\t\t\t<\/div>\n\t\t\t<\/div>\n\t\t<\/form>\n\t\t\t\t<\/div>\n\t\t\t\t<\/div>\n\t\t\t\t\t<\/div>\n\t\t\t\t<\/div>\n\t\t\t\t<\/div>\n\t\t","protected":false},"excerpt":{"rendered":"<p>Sobre Nosotros Akun Constructora se fund\u00f3 en Canc\u00fan, Municipio de Benito Ju\u00e1rez, Estado de Quintana Roo. El crecimiento constante y el \u00e9xito de estas entidades familiares llevaron a la creaci\u00f3n de Akun Constructora, cuyo objetivo es posicionarse como una de las principales firmas en el sector de la construcci\u00f3n tanto p\u00fablica como privada en el [&hellip;]<\/p>\n","protected":false},"author":1,"featured_media":0,"parent":0,"menu_order":0,"comment_status":"closed","ping_status":"closed","template":"elementor_header_footer","meta":{"footnotes":""},"class_list":["post-99","page","type-page","status-publish","hentry"],"_links":{"self":[{"href":"https:\/\/akunconstructora.com\/index.php\/wp-json\/wp\/v2\/pages\/99","targetHints":{"allow":["GET"]}}],"collection":[{"href":"https:\/\/akunconstructora.com\/index.php\/wp-json\/wp\/v2\/pages"}],"about":[{"href":"https:\/\/akunconstructora.com\/index.php\/wp-json\/wp\/v2\/types\/page"}],"author":[{"embeddable":true,"href":"https:\/\/akunconstructora.com\/index.php\/wp-json\/wp\/v2\/users\/1"}],"replies":[{"embeddable":true,"href":"https:\/\/akunconstructora.com\/index.php\/wp-json\/wp\/v2\/comments?post=99"}],"version-history":[{"count":89,"href":"https:\/\/akunconstructora.com\/index.php\/wp-json\/wp\/v2\/pages\/99\/revisions"}],"predecessor-version":[{"id":255,"href":"https:\/\/akunconstructora.com\/index.php\/wp-json\/wp\/v2\/pages\/99\/revisions\/255"}],"wp:attachment":[{"href":"https:\/\/akunconstructora.com\/index.php\/wp-json\/wp\/v2\/media?parent=99"}],"curies":[{"name":"wp","href":"https:\/\/api.w.org\/{rel}","templated":true}]}}